{"id":8618,"date":"2024-06-11T17:52:31","date_gmt":"2024-06-11T16:52:31","guid":{"rendered":"https:\/\/entrajuda-bancoalimentarangola.ao\/?page_id=8618"},"modified":"2024-06-11T18:17:52","modified_gmt":"2024-06-11T17:17:52","slug":"build-your-page-with-bluehost-website-builderdesign-effortlessly-with-optimized-and-pre-styled-drag-and-drop-sections-use-bluehost-website-builderuse-default-editor","status":"publish","type":"page","link":"https:\/\/entrajuda-bancoalimentarangola.ao\/?page_id=8618","title":{"rendered":"COMEMORA\u00c7\u00c3O DO 10\u00ba ANIVERS\u00c1RIO"},"content":{"rendered":"<p><strong>\u00a0 \u00a0 \u00a0 \u00a0 \u00a0 \u00a0 \u00a0 \u00a0 \u00a0 \u00a0 \u00a0 \u00a0 \u00a0 \u00a0 \u00a0ACTIVIDADES DECORRENTES\u00a0 DURANTE AS COMEMORA\u00c7\u00d5ES DO 10\u00ba ANIVERS\u00c1RIO DA FUNDA\u00c7\u00c3O DA ASSOCIA\u00c7\u00c3O HUMANIT\u00c1RIA BANCO ALIMENTAR CONTRA A FOME ANGOLA\u00a0<\/strong><\/p>\n<p><strong>\u00a0 \u00a0 \u00a0 \u00a0 \u00a0 \u00a0Realiz\u00e1mos no dia 16 de Setembro no restaurante Amor da Rua Onze o jantar do nosso 10\u00ba anivers\u00e1rio, aonde estiveram presentes os galardoados dos torneios de Golf e Pesca ao Pl\u00e1stico, assim como representantes das nossas institui\u00e7\u00f5es beneficientes e beneficiarias dos quais destacamos a Federa\u00e7\u00e3o de Golfe de Angola, o Club Naval de Luanda, a Lac, a Multitel, Back, Lello &amp; CA., Divina Providencia, Centro Arnaldo Jansen, e o Centro Social Santa Barbara. <\/strong><\/p>\n<p><strong>\u00a0 \u00a0 \u00a0 \u00a0 \u00a0 \u00a0 Jantar esse que teve a presen\u00e7a da Orquestra Sinf\u00f3nica Camunga que deliciou com as suas Interpreta\u00e7\u00f5es os nossos ouvidos. No final entregamos um diploma comemorativo dos 10 anos de atividade.<\/strong><\/p>\n<p><strong>\u00a0 \u00a0 \u00a0 \u00a0 \u00a0 \u00a0Itens de Noticia sobre a comemora\u00e7\u00e3o dos 10 anos do Banco Alimentar Angola clique abaixo para mais noticias: \u00a0<a tabindex=\"-1\" href=\"https:\/\/entrajuda-bancoalimentarangola.ao\/?p=5992\" target=\"_blank\" rel=\"noopener\">entrajuda-bancoalimentarangola.ao<\/a><\/strong><\/p>\n<p><a href=\"https:\/\/entrajuda-bancoalimentarangola.ao\/wp-content\/uploads\/2021\/09\/1.png\"><img fetchpriority=\"high\" decoding=\"async\" class=\"alignright size-full wp-image-5999\" src=\"https:\/\/entrajuda-bancoalimentarangola.ao\/wp-content\/uploads\/2021\/09\/1.png\" alt=\"\" width=\"1280\" height=\"875\" srcset=\"https:\/\/entrajuda-bancoalimentarangola.ao\/wp-content\/uploads\/2021\/09\/1.png 1280w, https:\/\/entrajuda-bancoalimentarangola.ao\/wp-content\/uploads\/2021\/09\/1-300x205.png 300w, https:\/\/entrajuda-bancoalimentarangola.ao\/wp-content\/uploads\/2021\/09\/1-1024x700.png 1024w, https:\/\/entrajuda-bancoalimentarangola.ao\/wp-content\/uploads\/2021\/09\/1-768x525.png 768w\" sizes=\"(max-width: 1280px) 100vw, 1280px\" \/><\/a><\/p>\n","protected":false},"excerpt":{"rendered":"<p>\u00a0 \u00a0 \u00a0 \u00a0 \u00a0 \u00a0 \u00a0 \u00a0 \u00a0 \u00a0 \u00a0 \u00a0 \u00a0 \u00a0 \u00a0ACTIVIDADES DECORRENTES\u00a0 DURANTE AS COMEMORA\u00c7\u00d5ES DO 10\u00ba ANIVERS\u00c1RIO DA FUNDA\u00c7\u00c3O DA ASSOCIA\u00c7\u00c3O HUMANIT\u00c1RIA BANCO ALIMENTAR CONTRA A FOME ANGOLA\u00a0 \u00a0 \u00a0 \u00a0 \u00a0 \u00a0 \u00a0Realiz\u00e1mos no dia 16 de Setembro no restaurante Amor da Rua Onze o jantar do nosso 10\u00ba [&hellip;]<\/p>\n","protected":false},"author":1,"featured_media":0,"parent":0,"menu_order":0,"comment_status":"closed","ping_status":"closed","template":"","meta":{"WB4WB4WP_MODE":"","WB4WP_PAGE_SCRIPTS":"","WB4WP_PAGE_STYLES":"","WB4WP_PAGE_FONTS":"","WB4WP_PAGE_HEADER":"","WB4WP_PAGE_FOOTER":"","kia_subtitle":"","_vp_format_video_url":"","_vp_image_focal_point":[],"footnotes":""},"class_list":["post-8618","page","type-page","status-publish","hentry"],"_links":{"self":[{"href":"https:\/\/entrajuda-bancoalimentarangola.ao\/index.php?rest_route=\/wp\/v2\/pages\/8618","targetHints":{"allow":["GET"]}}],"collection":[{"href":"https:\/\/entrajuda-bancoalimentarangola.ao\/index.php?rest_route=\/wp\/v2\/pages"}],"about":[{"href":"https:\/\/entrajuda-bancoalimentarangola.ao\/index.php?rest_route=\/wp\/v2\/types\/page"}],"author":[{"embeddable":true,"href":"https:\/\/entrajuda-bancoalimentarangola.ao\/index.php?rest_route=\/wp\/v2\/users\/1"}],"replies":[{"embeddable":true,"href":"https:\/\/entrajuda-bancoalimentarangola.ao\/index.php?rest_route=%2Fwp%2Fv2%2Fcomments&post=8618"}],"version-history":[{"count":8,"href":"https:\/\/entrajuda-bancoalimentarangola.ao\/index.php?rest_route=\/wp\/v2\/pages\/8618\/revisions"}],"predecessor-version":[{"id":8633,"href":"https:\/\/entrajuda-bancoalimentarangola.ao\/index.php?rest_route=\/wp\/v2\/pages\/8618\/revisions\/8633"}],"wp:attachment":[{"href":"https:\/\/entrajuda-bancoalimentarangola.ao\/index.php?rest_route=%2Fwp%2Fv2%2Fmedia&parent=8618"}],"curies":[{"name":"wp","href":"https:\/\/api.w.org\/{rel}","templated":true}]}}